{"id":2576,"date":"2020-03-22T00:55:46","date_gmt":"2020-03-22T00:55:46","guid":{"rendered":"https:\/\/juntatreintaytres.gub.uy\/?page_id=2576"},"modified":"2020-03-22T05:55:38","modified_gmt":"2020-03-22T05:55:38","slug":"biblioteca-municipal","status":"publish","type":"page","link":"https:\/\/juntatreintaytres.gub.uy\/?page_id=2576","title":{"rendered":"Biblioteca Municipal"},"content":{"rendered":"\n<p>La Junta Departamental de Treinta y Tres cuenta con una Biblioteca Publica que fue creada por iniciativa del Sr. Edil Luciano Obaldia Goyeneche y aprobada por el Plenario el d\u00eda 30 de mayo de 1943, cuyo cometido principal ha sido y es proponer la cultura a toda la poblaci\u00f3n del Departamento.<br><br>Actualmente la Biblioteca \u00abJos\u00e9 Pedro Varela\u00bb funciona en el local de la Junta Departamental desde el 19 de abril de 1979, en horario continuado de lunes a viernes de 09:00 a 17:00 horas.-&nbsp;<\/p>\n\n\n\n<p><br><br>Es importante se\u00f1alar que la Junta Departamental de Treinta y Tres es<br>el \u00fanico Cuerpo Legislativo Departamental en el Pa\u00eds que cuenta con<br>una Biblioteca de esta naturaleza.-<br><br>Para su organizaci\u00f3n se emplea el sistema de Clasificaci\u00f3n Decimal Dewey.<br><br>SERVICIOS QUE PRESTA.<br><br>A) Informaci\u00f3n y consulta<br><br>B) Lectura en Sala<br><br>C) Pr\u00e9stamo a domicilio<br><br>D) Gu\u00eda de asesoramiento de lectores<br><br><br>Sus usuarios son en su mayor\u00eda estudiantes (Primaria, Secundaria, UTU, Magisterio, Facultad) pero utilizan sus servicios adem\u00e1s profesionales, amas de casa y lectores en general. Posee una Secci\u00f3n General (textos que abarcan todos los niveles educativos), una Secci\u00f3n de Referencia (Colecciones, Enciclopedias, Diccionarios), una Secci\u00f3n Infantil, una Secci\u00f3n de Biblioteca Ambulante (pr\u00e9stamo a Escuelas Rurales de textos Educativos y recreativos). Esta \u00faltima secci\u00f3n permite a la Biblioteca llegar a los lugares mas apartados del Departamento.-<\/p>\n","protected":false},"excerpt":{"rendered":"<p>La Junta Departamental de Treinta y Tres cuenta con una Biblioteca Publica que fue creada por iniciativa del Sr. Edil Luciano Obaldia Goyeneche y aprobada por el Plenario el d\u00eda 30 de mayo de 1943, cuyo cometido principal ha sido y es proponer la cultura a toda la poblaci\u00f3n del Departamento. Actualmente la Biblioteca \u00abJos\u00e9 [&hellip;]<\/p>\n","protected":false},"author":2,"featured_media":0,"parent":0,"menu_order":0,"comment_status":"closed","ping_status":"closed","template":"","meta":{"_et_pb_use_builder":"","_et_pb_old_content":"","_et_gb_content_width":"","pgc_sgb_lightbox_settings":"","footnotes":""},"_links":{"self":[{"href":"https:\/\/juntatreintaytres.gub.uy\/index.php?rest_route=\/wp\/v2\/pages\/2576"}],"collection":[{"href":"https:\/\/juntatreintaytres.gub.uy\/index.php?rest_route=\/wp\/v2\/pages"}],"about":[{"href":"https:\/\/juntatreintaytres.gub.uy\/index.php?rest_route=\/wp\/v2\/types\/page"}],"author":[{"embeddable":true,"href":"https:\/\/juntatreintaytres.gub.uy\/index.php?rest_route=\/wp\/v2\/users\/2"}],"replies":[{"embeddable":true,"href":"https:\/\/juntatreintaytres.gub.uy\/index.php?rest_route=%2Fwp%2Fv2%2Fcomments&post=2576"}],"version-history":[{"count":0,"href":"https:\/\/juntatreintaytres.gub.uy\/index.php?rest_route=\/wp\/v2\/pages\/2576\/revisions"}],"wp:attachment":[{"href":"https:\/\/juntatreintaytres.gub.uy\/index.php?rest_route=%2Fwp%2Fv2%2Fmedia&parent=2576"}],"curies":[{"name":"wp","href":"https:\/\/api.w.org\/{rel}","templated":true}]}}