{"id":6018,"date":"2021-11-23T18:07:51","date_gmt":"2021-11-23T21:07:51","guid":{"rendered":"https:\/\/juntatreintaytres.gub.uy\/?page_id=6018"},"modified":"2021-11-23T18:07:51","modified_gmt":"2021-11-23T21:07:51","slug":"decretos-ano-2021","status":"publish","type":"page","link":"https:\/\/juntatreintaytres.gub.uy\/?page_id=6018","title":{"rendered":"Decretos a\u00f1o 2021"},"content":{"rendered":"\n<ul class=\"\"><li><a href=\"https:\/\/juntatreintaytres.gub.uy\/wp-content\/uploads\/2021\/01-2021 Presupuesto Intendencia Departamental 2021-2025.pdf\"><span class=\"filename\">01-2021 Presupuesto Intendencia Departamental 2021-2025.pdf<\/span><span class=\\\"filesize\\\"> (129.9 Kb)<\/span><\/a><\/li><li><a href=\"https:\/\/juntatreintaytres.gub.uy\/wp-content\/uploads\/2021\/02-2021 Anuencia fraccionamiento Padron 1950 MEVIR SANTA CLARA.pdf\"><span class=\"filename\">02-2021 Anuencia fraccionamiento Padron 1950 MEVIR SANTA CLARA.pdf<\/span><span class=\\\"filesize\\\"> (48.44 Kb)<\/span><\/a><\/li><li><a href=\"https:\/\/juntatreintaytres.gub.uy\/wp-content\/uploads\/2021\/03-2021 Declaracion de interes departamental Treinta y Tres en canto.pdf\"><span class=\"filename\">03-2021 Declaracion de interes departamental Treinta y Tres en canto.pdf<\/span><span class=\\\"filesize\\\"> (46 Kb)<\/span><\/a><\/li><li><a href=\"https:\/\/juntatreintaytres.gub.uy\/wp-content\/uploads\/2021\/04-2021 Sanci\u00f3n definitiva Presupuesto INT.DPTAL.EJERCICIO 2021-2025.pdf\"><span class=\"filename\">04-2021 Sanci\u00f3n definitiva Presupuesto INT.DPTAL.EJERCICIO 2021-2025.pdf<\/span><span class=\\\"filesize\\\"> (47.92 Kb)<\/span><\/a><\/li><li><a href=\"https:\/\/juntatreintaytres.gub.uy\/wp-content\/uploads\/2021\/05-2021 Reglamento Terminal de \u00d3mnibus de Santa Clara de Olimar.pdf\"><span class=\"filename\">05-2021 Reglamento Terminal de \u00d3mnibus de Santa Clara de Olimar.pdf<\/span><span class=\\\"filesize\\\"> (128.91 Kb)<\/span><\/a><\/li><li><a href=\"https:\/\/juntatreintaytres.gub.uy\/wp-content\/uploads\/2021\/06-2021 Interpretativo DECRETO N\u00ba 04-2021.pdf\"><span class=\"filename\">06-2021 Interpretativo DECRETO N\u00ba 04-2021.pdf<\/span><span class=\\\"filesize\\\"> (48.84 Kb)<\/span><\/a><\/li><li><a href=\"https:\/\/juntatreintaytres.gub.uy\/wp-content\/uploads\/2021\/07-2021 Presupuesto JUNTA DEPARTAMENTAL 2021-2025.pdf\"><span class=\"filename\">07-2021 Presupuesto JUNTA DEPARTAMENTAL 2021-2025.pdf<\/span><span class=\\\"filesize\\\"> (122.07 Kb)<\/span><\/a><\/li><li><a href=\"https:\/\/juntatreintaytres.gub.uy\/wp-content\/uploads\/2021\/08-2021 Creaci\u00f3n distinci\u00f3n de inter\u00e9s cultural.pdf\"><span class=\"filename\">08-2021 Creaci\u00f3n distinci\u00f3n de inter\u00e9s cultural.pdf<\/span><span class=\\\"filesize\\\"> (61.31 Kb)<\/span><\/a><\/li><li><a href=\"https:\/\/juntatreintaytres.gub.uy\/wp-content\/uploads\/2021\/09-2021 Colocaci\u00f3n de placa a Juan Ramon (Tato) Silva en el parque Colon.pdf\"><span class=\"filename\">09-2021 Colocaci\u00f3n de placa a Juan Ramon (Tato) Silva en el parque Colon.pdf<\/span><span class=\\\"filesize\\\"> (50.27 Kb)<\/span><\/a><\/li><li><a href=\"https:\/\/juntatreintaytres.gub.uy\/wp-content\/uploads\/2021\/10-2021 Sanci\u00f3n definitiva presupuesto Junta Departamental.pdf\"><span class=\"filename\">10-2021 Sanci\u00f3n definitiva presupuesto Junta Departamental.pdf<\/span><span class=\\\"filesize\\\"> (132.4 Kb)<\/span><\/a><\/li><li><a href=\"https:\/\/juntatreintaytres.gub.uy\/wp-content\/uploads\/2021\/11-2021 Declaraci\u00f3n de inter\u00e9s departamental la polla del Olimar.pdf\"><span class=\"filename\">11-2021 Declaraci\u00f3n de inter\u00e9s departamental la polla del Olimar.pdf<\/span><span class=\\\"filesize\\\"> (64.35 Kb)<\/span><\/a><\/li><li><a href=\"https:\/\/juntatreintaytres.gub.uy\/wp-content\/uploads\/2021\/12-2021 Normas de determinaci\u00f3n del tributo de patente de rodados.pdf\"><span class=\"filename\">12-2021 Normas de determinaci\u00f3n del tributo de patente de rodados.pdf<\/span><span class=\\\"filesize\\\"> (193.95 Kb)<\/span><\/a><\/li><li><a href=\"https:\/\/juntatreintaytres.gub.uy\/wp-content\/uploads\/2021\/13-2021 Declaraci\u00f3n de inter\u00e9s departamental encuentro, competencia y traves\u00eda 4x4 Santa Clara.pdf\"><span class=\"filename\">13-2021 Declaraci\u00f3n de inter\u00e9s departamental encuentro, competencia y traves\u00eda 4x4 Santa Clara.pdf<\/span><span class=\\\"filesize\\\"> (62.42 Kb)<\/span><\/a><\/li><li><a href=\"https:\/\/juntatreintaytres.gub.uy\/wp-content\/uploads\/2021\/14-2021 Declaraci\u00f3n de inter\u00e9s cultural grupo Cerno.pdf\"><span class=\"filename\">14-2021 Declaraci\u00f3n de inter\u00e9s cultural grupo Cerno.pdf<\/span><span class=\\\"filesize\\\"> (49.92 Kb)<\/span><\/a><\/li><\/ul>\n","protected":false},"excerpt":{"rendered":"","protected":false},"author":2,"featured_media":0,"parent":0,"menu_order":0,"comment_status":"closed","ping_status":"closed","template":"","meta":{"_et_pb_use_builder":"","_et_pb_old_content":"","_et_gb_content_width":"","pgc_sgb_lightbox_settings":"","footnotes":""},"_links":{"self":[{"href":"https:\/\/juntatreintaytres.gub.uy\/index.php?rest_route=\/wp\/v2\/pages\/6018"}],"collection":[{"href":"https:\/\/juntatreintaytres.gub.uy\/index.php?rest_route=\/wp\/v2\/pages"}],"about":[{"href":"https:\/\/juntatreintaytres.gub.uy\/index.php?rest_route=\/wp\/v2\/types\/page"}],"author":[{"embeddable":true,"href":"https:\/\/juntatreintaytres.gub.uy\/index.php?rest_route=\/wp\/v2\/users\/2"}],"replies":[{"embeddable":true,"href":"https:\/\/juntatreintaytres.gub.uy\/index.php?rest_route=%2Fwp%2Fv2%2Fcomments&post=6018"}],"version-history":[{"count":1,"href":"https:\/\/juntatreintaytres.gub.uy\/index.php?rest_route=\/wp\/v2\/pages\/6018\/revisions"}],"predecessor-version":[{"id":6019,"href":"https:\/\/juntatreintaytres.gub.uy\/index.php?rest_route=\/wp\/v2\/pages\/6018\/revisions\/6019"}],"wp:attachment":[{"href":"https:\/\/juntatreintaytres.gub.uy\/index.php?rest_route=%2Fwp%2Fv2%2Fmedia&parent=6018"}],"curies":[{"name":"wp","href":"https:\/\/api.w.org\/{rel}","templated":true}]}}