{"id":6065,"date":"2023-02-12T12:22:42","date_gmt":"2023-02-12T15:22:42","guid":{"rendered":"https:\/\/juntatreintaytres.gub.uy\/?page_id=6065"},"modified":"2024-05-02T14:02:03","modified_gmt":"2024-05-02T17:02:03","slug":"decretos-ano-2023","status":"publish","type":"page","link":"https:\/\/juntatreintaytres.gub.uy\/?page_id=6065","title":{"rendered":"Decretos a\u00f1o 2023"},"content":{"rendered":"\n<ul class=\"\"><li><a href=\"https:\/\/juntatreintaytres.gub.uy\/wp-content\/uploads\/2023\/01-2023 Modificaci\u00f3n presupuestal 2023-2025 Junta Departamental.pdf\"><span class=\"filename\">01-2023 Modificaci\u00f3n presupuestal 2023-2025 Junta Departamental.pdf<\/span><span class=\\\"filesize\\\"> (107.97 Kb)<\/span><\/a><\/li><li><a href=\"https:\/\/juntatreintaytres.gub.uy\/wp-content\/uploads\/2023\/02-2023 Comodato Intendencia Garnica Uruguay.pdf\"><span class=\"filename\">02-2023 Comodato Intendencia Garnica Uruguay.pdf<\/span><span class=\\\"filesize\\\"> (66.04 Kb)<\/span><\/a><\/li><li><a href=\"https:\/\/juntatreintaytres.gub.uy\/wp-content\/uploads\/2023\/03-2023 Sanci\u00f3n Definitiva Decreto N\u00ba 1-2023 Modif.Presup.Junta Dptal. Periodo 2023-2025.pdf\"><span class=\"filename\">03-2023 Sanci\u00f3n Definitiva Decreto N\u00ba 1-2023 Modif.Presup.Junta Dptal. Periodo 2023-2025.pdf<\/span><span class=\\\"filesize\\\"> (31.05 Kb)<\/span><\/a><\/li><li><a href=\"https:\/\/juntatreintaytres.gub.uy\/wp-content\/uploads\/2023\/04-2023 Adjudicaci\u00f3n locales para terminal de \u00d3mnibus Santa Clara de Olimar.pdf\"><span class=\"filename\">04-2023 Adjudicaci\u00f3n locales para terminal de \u00d3mnibus Santa Clara de Olimar.pdf<\/span><span class=\\\"filesize\\\"> (10.5 Kb)<\/span><\/a><\/li><li><a href=\"https:\/\/juntatreintaytres.gub.uy\/wp-content\/uploads\/2023\/05-2023-Anuencia-fondo-rotatorio-convenio-MVOT-e-IDTT.pdf\"><span class=\"filename\">05-2023-Anuencia-fondo-rotatorio-convenio-MVOT-e-IDTT.pdf<\/span><span class=\\\"filesize\\\"> (176.75 Kb)<\/span><\/a><\/li><li><a href=\"https:\/\/juntatreintaytres.gub.uy\/wp-content\/uploads\/2023\/06-2023-Proyecto-de-decreto-mod.-Presup.-Int.-Dptal.-2023-2025.pdf\"><span class=\"filename\">06-2023-Proyecto-de-decreto-mod.-Presup.-Int.-Dptal.-2023-2025.pdf<\/span><span class=\\\"filesize\\\"> (362 Kb)<\/span><\/a><\/li><li><a href=\"https:\/\/juntatreintaytres.gub.uy\/wp-content\/uploads\/2023\/07-2023-Aceptando-observaciones-rendici\u00f3n-de-cuentas-Junta-Dptal.-a\u00f1o-2021.pdf\"><span class=\"filename\">07-2023-Aceptando-observaciones-rendici\u00f3n-de-cuentas-Junta-Dptal.-a\u00f1o-2021.pdf<\/span><span class=\\\"filesize\\\"> (7.54 Kb)<\/span><\/a><\/li><li><a href=\"https:\/\/juntatreintaytres.gub.uy\/wp-content\/uploads\/2023\/08-2023-Anuencia-padrones-productivos-2023.pdf\"><span class=\"filename\">08-2023-Anuencia-padrones-productivos-2023.pdf<\/span><span class=\\\"filesize\\\"> (6.72 Kb)<\/span><\/a><\/li><li><a href=\"https:\/\/juntatreintaytres.gub.uy\/wp-content\/uploads\/2023\/09-2023-Exoneraci\u00f3n-veh\u00edculos-el\u00e9ctricos.pdf\"><span class=\"filename\">09-2023-Exoneraci\u00f3n-veh\u00edculos-el\u00e9ctricos.pdf<\/span><span class=\\\"filesize\\\"> (188.72 Kb)<\/span><\/a><\/li><li><a href=\"https:\/\/juntatreintaytres.gub.uy\/wp-content\/uploads\/2023\/10-2023-Anuencia-comodato-con-INASE-padrones-10599-y-10600-7ma-secci\u00f3n-catastral-T-y-Tres.pdf\"><span class=\"filename\">10-2023-Anuencia-comodato-con-INASE-padrones-10599-y-10600-7ma-secci\u00f3n-catastral-T-y-Tres.pdf<\/span><span class=\\\"filesize\\\"> (7.35 Kb)<\/span><\/a><\/li><li><a href=\"https:\/\/juntatreintaytres.gub.uy\/wp-content\/uploads\/2023\/11-2023-Aceptar-observaciones-TCR-y-sanci\u00f3n-definitiva-decreto-06-2023.pdf\"><span class=\"filename\">11-2023-Aceptar-observaciones-TCR-y-sanci\u00f3n-definitiva-decreto-06-2023.pdf<\/span><span class=\\\"filesize\\\"> (7.17 Kb)<\/span><\/a><\/li><li><a href=\"https:\/\/juntatreintaytres.gub.uy\/wp-content\/uploads\/2023\/12-2023-Declaracion-de-int.-Dptal.-X-jornadas-treintaitresinas-6-y-7-10-2022.pdf\"><span class=\"filename\">12-2023-Declaracion-de-int.-Dptal.-X-jornadas-treintaitresinas-6-y-7-10-2022.pdf<\/span><span class=\\\"filesize\\\"> (280.16 Kb)<\/span><\/a><\/li><li><a href=\"https:\/\/juntatreintaytres.gub.uy\/wp-content\/uploads\/2023\/13-2023-Declaracion-de-int.-Dptal.-Segunda-marcha-de-la-diversidad.pdf\"><span class=\"filename\">13-2023-Declaracion-de-int.-Dptal.-Segunda-marcha-de-la-diversidad.pdf<\/span><span class=\\\"filesize\\\"> (276.97 Kb)<\/span><\/a><\/li><\/ul>\n","protected":false},"excerpt":{"rendered":"","protected":false},"author":2,"featured_media":0,"parent":0,"menu_order":0,"comment_status":"closed","ping_status":"closed","template":"","meta":{"_et_pb_use_builder":"","_et_pb_old_content":"","_et_gb_content_width":"","pgc_sgb_lightbox_settings":"","footnotes":""},"_links":{"self":[{"href":"https:\/\/juntatreintaytres.gub.uy\/index.php?rest_route=\/wp\/v2\/pages\/6065"}],"collection":[{"href":"https:\/\/juntatreintaytres.gub.uy\/index.php?rest_route=\/wp\/v2\/pages"}],"about":[{"href":"https:\/\/juntatreintaytres.gub.uy\/index.php?rest_route=\/wp\/v2\/types\/page"}],"author":[{"embeddable":true,"href":"https:\/\/juntatreintaytres.gub.uy\/index.php?rest_route=\/wp\/v2\/users\/2"}],"replies":[{"embeddable":true,"href":"https:\/\/juntatreintaytres.gub.uy\/index.php?rest_route=%2Fwp%2Fv2%2Fcomments&post=6065"}],"version-history":[{"count":2,"href":"https:\/\/juntatreintaytres.gub.uy\/index.php?rest_route=\/wp\/v2\/pages\/6065\/revisions"}],"predecessor-version":[{"id":6550,"href":"https:\/\/juntatreintaytres.gub.uy\/index.php?rest_route=\/wp\/v2\/pages\/6065\/revisions\/6550"}],"wp:attachment":[{"href":"https:\/\/juntatreintaytres.gub.uy\/index.php?rest_route=%2Fwp%2Fv2%2Fmedia&parent=6065"}],"curies":[{"name":"wp","href":"https:\/\/api.w.org\/{rel}","templated":true}]}}