{"id":6122,"date":"2022-05-28T22:27:53","date_gmt":"2022-05-29T01:27:53","guid":{"rendered":"https:\/\/juntatreintaytres.gub.uy\/?page_id=6122"},"modified":"2022-05-28T22:27:53","modified_gmt":"2022-05-29T01:27:53","slug":"decretos-ano-2022-2","status":"publish","type":"page","link":"https:\/\/juntatreintaytres.gub.uy\/?page_id=6122","title":{"rendered":"Decretos a\u00f1o 2022"},"content":{"rendered":"\n<ul class=\"\"><li><a href=\"https:\/\/juntatreintaytres.gub.uy\/wp-content\/uploads\/2022\/01-2022 Pago Salario Vacacional A Func. Junta Dptal.pdf\"><span class=\"filename\">01-2022 Pago Salario Vacacional A Func. Junta Dptal.pdf<\/span><span class=\\\"filesize\\\"> (31.8 Kb)<\/span><\/a><\/li><li><a href=\"https:\/\/juntatreintaytres.gub.uy\/wp-content\/uploads\/2022\/02-2022 Anuencia Montos A Cobrar Terminal Santa Clara.pdf\"><span class=\"filename\">02-2022 Anuencia Montos A Cobrar Terminal Santa Clara.pdf<\/span><span class=\\\"filesize\\\"> (10.86 Kb)<\/span><\/a><\/li><li><a href=\"https:\/\/juntatreintaytres.gub.uy\/wp-content\/uploads\/2022\/03-2022 Reglamento De Uso P\u00fablico Predio Municipal - Quebrada De Los Cuervos.pdf\"><span class=\"filename\">03-2022 Reglamento De Uso P\u00fablico Predio Municipal - Quebrada De Los Cuervos.pdf<\/span><span class=\\\"filesize\\\"> (105 Kb)<\/span><\/a><\/li><li><a href=\"https:\/\/juntatreintaytres.gub.uy\/wp-content\/uploads\/2022\/04-2022 Declaraci\u00f3n De Inter\u00e9s Departamental y Cultural al Festival Del Olimar 2022.pdf\"><span class=\"filename\">04-2022 Declaraci\u00f3n De Inter\u00e9s Departamental y Cultural al Festival Del Olimar 2022.pdf<\/span><span class=\\\"filesize\\\"> (63.51 Kb)<\/span><\/a><\/li><li><a href=\"https:\/\/juntatreintaytres.gub.uy\/wp-content\/uploads\/2022\/05-2022 Declaraci\u00f3n De Int. Dptal. Regata Internacional y Visitantes Of. Extranjeros.pdf\"><span class=\"filename\">05-2022 Declaraci\u00f3n De Int. Dptal. Regata Internacional y Visitantes Of. Extranjeros.pdf<\/span><span class=\\\"filesize\\\"> (82.27 Kb)<\/span><\/a><\/li><li><a href=\"https:\/\/juntatreintaytres.gub.uy\/wp-content\/uploads\/2022\/06-2022 Declaraci\u00f3n Cultural Regata Internacional Treinta Y Tres - Puerto La Charqueada.pdf\"><span class=\"filename\">06-2022 Declaraci\u00f3n Cultural Regata Internacional Treinta Y Tres - Puerto La Charqueada.pdf<\/span><span class=\\\"filesize\\\"> (83.6 Kb)<\/span><\/a><\/li><li><a href=\"https:\/\/juntatreintaytres.gub.uy\/wp-content\/uploads\/2022\/07-2022 Anuncia Convenio Con Ute Realizaci\u00f3n Obras De Reubicaci\u00f3n De Cables y Redes A\u00e9reas y Subterraneas.pdf\"><span class=\"filename\">07-2022 Anuncia Convenio Con Ute Realizaci\u00f3n Obras De Reubicaci\u00f3n De Cables y Redes A\u00e9reas y Subterraneas.pdf<\/span><span class=\\\"filesize\\\"> (62.09 Kb)<\/span><\/a><\/li><li><a href=\"https:\/\/juntatreintaytres.gub.uy\/wp-content\/uploads\/2022\/08-2022 Anuencia Comodato Entre Intendencia y Ef Asset Management Administradora De Fondos De Inversi\u00f3n SA.pdf\"><span class=\"filename\">08-2022 Anuencia Comodato Entre Intendencia y Ef Asset Management Administradora De Fondos De Inversi\u00f3n SA.pdf<\/span><span class=\\\"filesize\\\"> (99.12 Kb)<\/span><\/a><\/li><li><a href=\"https:\/\/juntatreintaytres.gub.uy\/wp-content\/uploads\/2022\/09-2022 Modificaci\u00f3n Presupuestal Intendencia Departamental Periodo 2022-2025.pdf\"><span class=\"filename\">09-2022 Modificaci\u00f3n Presupuestal Intendencia Departamental Periodo 2022-2025.pdf<\/span><span class=\\\"filesize\\\"> (156.42 Kb)<\/span><\/a><\/li><li><a href=\"https:\/\/juntatreintaytres.gub.uy\/wp-content\/uploads\/2022\/10-2022 Derogaci\u00f3n Decreto N\u00b0 33-2018.pdf\"><span class=\"filename\">10-2022 Derogaci\u00f3n Decreto N\u00b0 33-2018.pdf<\/span><span class=\\\"filesize\\\"> (79.67 Kb)<\/span><\/a><\/li><li><a href=\"https:\/\/juntatreintaytres.gub.uy\/wp-content\/uploads\/2022\/11-2022 Declaraci\u00f3n De Int. Dptal. Aniversario Aparicio Saravia 13 y 14 De Agosto 2022.pdf\"><span class=\"filename\">11-2022 Declaraci\u00f3n De Int. Dptal. Aniversario Aparicio Saravia 13 y 14 De Agosto 2022.pdf<\/span><span class=\\\"filesize\\\"> (81.92 Kb)<\/span><\/a><\/li><li><a href=\"https:\/\/juntatreintaytres.gub.uy\/wp-content\/uploads\/2022\/12-2022 Ordenamiento Territorial Ref. Medida Cautelar-\u00c1reas Inundables En Vergara.pdf\"><span class=\"filename\">12-2022 Ordenamiento Territorial Ref. Medida Cautelar-\u00c1reas Inundables En Vergara.pdf<\/span><span class=\\\"filesize\\\"> (137.19 Kb)<\/span><\/a><\/li><li><a href=\"https:\/\/juntatreintaytres.gub.uy\/wp-content\/uploads\/2022\/13-2022 Medida Cautelar Fraccionamiento En Vergara.pdf\"><span class=\"filename\">13-2022 Medida Cautelar Fraccionamiento En Vergara.pdf<\/span><span class=\\\"filesize\\\"> (138.73 Kb)<\/span><\/a><\/li><li><a href=\"https:\/\/juntatreintaytres.gub.uy\/wp-content\/uploads\/2022\/14-2022 Declaraci\u00f3n De Int. Dptal. Templo Parroquial Virgen De Los Treinta y Tres Cruz Alta.pdf\"><span class=\"filename\">14-2022 Declaraci\u00f3n De Int. Dptal. Templo Parroquial Virgen De Los Treinta y Tres Cruz Alta.pdf<\/span><span class=\\\"filesize\\\"> (83.28 Kb)<\/span><\/a><\/li><li><a href=\"https:\/\/juntatreintaytres.gub.uy\/wp-content\/uploads\/2022\/15-2022 Sanci\u00f3n Definitiva Modificaci\u00f3n Presupuestal Intendencia Departamental 2022-2025.pdf\"><span class=\"filename\">15-2022 Sanci\u00f3n Definitiva Modificaci\u00f3n Presupuestal Intendencia Departamental 2022-2025.pdf<\/span><span class=\\\"filesize\\\"> (100.55 Kb)<\/span><\/a><\/li><li><a href=\"https:\/\/juntatreintaytres.gub.uy\/wp-content\/uploads\/2022\/16-2022 Declaraci\u00f3n Cultural Coro J Talleres De Tango y Talleres De Danza Club Social Raices.pdf\"><span class=\"filename\">16-2022 Declaraci\u00f3n Cultural Coro J Talleres De Tango y Talleres De Danza Club Social Raices.pdf<\/span><span class=\\\"filesize\\\"> (10.15 Kb)<\/span><\/a><\/li><li><a href=\"https:\/\/juntatreintaytres.gub.uy\/wp-content\/uploads\/2022\/17-2022 Anuencia  Exoneraci\u00f3n Tributaria Remates Solidarios Club De Leones.pdf\"><span class=\"filename\">17-2022 Anuencia  Exoneraci\u00f3n Tributaria Remates Solidarios Club De Leones.pdf<\/span><span class=\\\"filesize\\\"> (61.19 Kb)<\/span><\/a><\/li><li><a href=\"https:\/\/juntatreintaytres.gub.uy\/wp-content\/uploads\/2022\/18-2022 Declaraci\u00f3n De Int. Dptal. IX Jornadas Treintaitresinas 9 y 10-9-2022.pdf\"><span class=\"filename\">18-2022 Declaraci\u00f3n De Int. Dptal. IX Jornadas Treintaitresinas 9 y 10-9-2022.pdf<\/span><span class=\\\"filesize\\\"> (84.05 Kb)<\/span><\/a><\/li><li><a href=\"https:\/\/juntatreintaytres.gub.uy\/wp-content\/uploads\/2022\/19-2022 Plan Local Vergara.pdf\"><span class=\"filename\">19-2022 Plan Local Vergara.pdf<\/span><span class=\\\"filesize\\\"> (268.44 Kb)<\/span><\/a><\/li><li><a href=\"https:\/\/juntatreintaytres.gub.uy\/wp-content\/uploads\/2022\/20-2022 Declaraci\u00f3n Inter\u00e9s Dptal. 22\u00b0 Edici\u00f3n Festival Folklorico Nacientes Del Olimar 9 10 y 11 Diciembre 2022.pdf\"><span class=\"filename\">20-2022 Declaraci\u00f3n Inter\u00e9s Dptal. 22\u00b0 Edici\u00f3n Festival Folklorico Nacientes Del Olimar 9 10 y 11 Diciembre 2022.pdf<\/span><span class=\\\"filesize\\\"> (29.91 Kb)<\/span><\/a><\/li><li><a href=\"https:\/\/juntatreintaytres.gub.uy\/wp-content\/uploads\/2022\/21-2022 Declaraci\u00f3n De Int. Dptal. 11A Jornada De Geo Historia Regional Marzo 2023.pdf\"><span class=\"filename\">21-2022 Declaraci\u00f3n De Int. Dptal. 11A Jornada De Geo Historia Regional Marzo 2023.pdf<\/span><span class=\\\"filesize\\\"> (82.29 Kb)<\/span><\/a><\/li><li><a href=\"https:\/\/juntatreintaytres.gub.uy\/wp-content\/uploads\/2022\/22-2022 Modificaci\u00f3n Art.12 Decreto N\u00ba 24-1996.pdf\"><span class=\"filename\">22-2022 Modificaci\u00f3n Art.12 Decreto N\u00ba 24-1996.pdf<\/span><span class=\\\"filesize\\\"> (58.79 Kb)<\/span><\/a><\/li><li><a href=\"https:\/\/juntatreintaytres.gub.uy\/wp-content\/uploads\/2022\/23-2022 Anuencia Para Comodato Con Cero Callejero.pdf\"><span class=\"filename\">23-2022 Anuencia Para Comodato Con Cero Callejero.pdf<\/span><span class=\\\"filesize\\\"> (57.88 Kb)<\/span><\/a><\/li><li><a href=\"https:\/\/juntatreintaytres.gub.uy\/wp-content\/uploads\/2022\/24-2022 Anuencia Para Comodato Con Club Atletico Pe\u00f1arol De Treinta y Tres.pdf\"><span class=\"filename\">24-2022 Anuencia Para Comodato Con Club Atletico Pe\u00f1arol De Treinta y Tres.pdf<\/span><span class=\\\"filesize\\\"> (58.93 Kb)<\/span><\/a><\/li><\/ul>\n","protected":false},"excerpt":{"rendered":"","protected":false},"author":2,"featured_media":0,"parent":0,"menu_order":0,"comment_status":"closed","ping_status":"closed","template":"","meta":{"_et_pb_use_builder":"","_et_pb_old_content":"","_et_gb_content_width":"","pgc_sgb_lightbox_settings":"","footnotes":""},"_links":{"self":[{"href":"https:\/\/juntatreintaytres.gub.uy\/index.php?rest_route=\/wp\/v2\/pages\/6122"}],"collection":[{"href":"https:\/\/juntatreintaytres.gub.uy\/index.php?rest_route=\/wp\/v2\/pages"}],"about":[{"href":"https:\/\/juntatreintaytres.gub.uy\/index.php?rest_route=\/wp\/v2\/types\/page"}],"author":[{"embeddable":true,"href":"https:\/\/juntatreintaytres.gub.uy\/index.php?rest_route=\/wp\/v2\/users\/2"}],"replies":[{"embeddable":true,"href":"https:\/\/juntatreintaytres.gub.uy\/index.php?rest_route=%2Fwp%2Fv2%2Fcomments&post=6122"}],"version-history":[{"count":1,"href":"https:\/\/juntatreintaytres.gub.uy\/index.php?rest_route=\/wp\/v2\/pages\/6122\/revisions"}],"predecessor-version":[{"id":6123,"href":"https:\/\/juntatreintaytres.gub.uy\/index.php?rest_route=\/wp\/v2\/pages\/6122\/revisions\/6123"}],"wp:attachment":[{"href":"https:\/\/juntatreintaytres.gub.uy\/index.php?rest_route=%2Fwp%2Fv2%2Fmedia&parent=6122"}],"curies":[{"name":"wp","href":"https:\/\/api.w.org\/{rel}","templated":true}]}}